{"id":9888,"date":"2025-11-02T23:49:41","date_gmt":"2025-11-03T02:49:41","guid":{"rendered":"https:\/\/sites.usp.br\/alumni\/?page_id=9888"},"modified":"2025-11-17T18:37:55","modified_gmt":"2025-11-17T21:37:55","slug":"maintenance","status":"publish","type":"page","link":"https:\/\/alumni.usp.br\/en\/maintenance\/","title":{"rendered":"Maintenance"},"content":{"rendered":"\t\t<div data-elementor-type=\"wp-page\" data-elementor-id=\"9888\" class=\"elementor elementor-9888\" data-elementor-post-type=\"page\">\n\t\t\t\t\t\t<section class=\"elementor-section elementor-top-section elementor-element elementor-element-6c9a36c0 elementor-section-full_width elementor-section-height-min-height elementor-section-items-stretch elementor-section-content-middle elementor-section-height-default\" data-id=\"6c9a36c0\" data-element_type=\"section\" data-settings=\"{&quot;background_background&quot;:&quot;classic&quot;}\">\n\t\t\t\t\t\t<div class=\"elementor-container elementor-column-gap-no\">\n\t\t\t\t\t<div class=\"elementor-column elementor-col-50 elementor-top-column elementor-element elementor-element-5996e8fe\" data-id=\"5996e8fe\" data-element_type=\"column\" data-settings=\"{&quot;background_background&quot;:&quot;classic&quot;}\">\n\t\t\t<div class=\"elementor-widget-wrap elementor-element-populated\">\n\t\t\t\t\t\t<div class=\"elementor-element elementor-element-1092765 elementor-widget elementor-widget-image\" data-id=\"1092765\" data-element_type=\"widget\" data-widget_type=\"image.default\">\n\t\t\t\t<div class=\"elementor-widget-container\">\n\t\t\t\t\t\t\t\t\t\t\t\t\t<img fetchpriority=\"high\" decoding=\"async\" width=\"1080\" height=\"1080\" src=\"https:\/\/alumni.usp.br\/wp-content\/uploads\/sites\/77\/2025\/11\/maintenance.png\" class=\"attachment-full size-full wp-image-9881\" alt=\"\" srcset=\"https:\/\/alumni.usp.br\/wp-content\/uploads\/sites\/77\/2025\/11\/maintenance.png 1080w, https:\/\/alumni.usp.br\/wp-content\/uploads\/sites\/77\/2025\/11\/maintenance-300x300.png 300w, https:\/\/alumni.usp.br\/wp-content\/uploads\/sites\/77\/2025\/11\/maintenance-469x469.png 469w, https:\/\/alumni.usp.br\/wp-content\/uploads\/sites\/77\/2025\/11\/maintenance-150x150.png 150w, https:\/\/alumni.usp.br\/wp-content\/uploads\/sites\/77\/2025\/11\/maintenance-768x768.png 768w, https:\/\/alumni.usp.br\/wp-content\/uploads\/sites\/77\/2025\/11\/maintenance-64x64.png 64w, https:\/\/alumni.usp.br\/wp-content\/uploads\/sites\/77\/2025\/11\/maintenance-45x45.png 45w, https:\/\/alumni.usp.br\/wp-content\/uploads\/sites\/77\/2025\/11\/maintenance-200x200.png 200w, https:\/\/alumni.usp.br\/wp-content\/uploads\/sites\/77\/2025\/11\/maintenance-400x400.png 400w\" sizes=\"(max-width: 1080px) 100vw, 1080px\" \/>\t\t\t\t\t\t\t\t\t\t\t\t\t<\/div>\n\t\t\t\t<\/div>\n\t\t\t\t\t<\/div>\n\t\t<\/div>\n\t\t\t\t<div class=\"elementor-column elementor-col-50 elementor-top-column elementor-element elementor-element-c414af\" data-id=\"c414af\" data-element_type=\"column\">\n\t\t\t<div class=\"elementor-widget-wrap elementor-element-populated\">\n\t\t\t\t\t\t<div class=\"elementor-element elementor-element-cb7e6b7 elementor-widget__width-initial elementor-widget elementor-widget-heading\" data-id=\"cb7e6b7\" data-element_type=\"widget\" data-widget_type=\"heading.default\">\n\t\t\t\t<div class=\"elementor-widget-container\">\n\t\t\t<h1 class=\"elementor-heading-title elementor-size-default\">P\u00e1gina em constru\u00e7\u00e3o<\/h1>\t\t<\/div>\n\t\t\t\t<\/div>\n\t\t\t\t<div class=\"elementor-element elementor-element-197ce3df elementor-widget elementor-widget-heading\" data-id=\"197ce3df\" data-element_type=\"widget\" data-widget_type=\"heading.default\">\n\t\t\t\t<div class=\"elementor-widget-container\">\n\t\t\t<p class=\"elementor-heading-title elementor-size-default\">Informe seu e-mail para receber um aviso quando estiver no ar.<\/p>\t\t<\/div>\n\t\t\t\t<\/div>\n\t\t\t\t<div class=\"elementor-element elementor-element-4ca178bb elementor-button-align-center elementor-widget elementor-widget-form\" data-id=\"4ca178bb\" data-element_type=\"widget\" data-settings=\"{&quot;step_next_label&quot;:&quot;Next&quot;,&quot;step_previous_label&quot;:&quot;Previous&quot;,&quot;button_width&quot;:&quot;100&quot;,&quot;step_type&quot;:&quot;number_text&quot;,&quot;step_icon_shape&quot;:&quot;circle&quot;}\" data-widget_type=\"form.default\">\n\t\t\t\t<div class=\"elementor-widget-container\">\n\t\t\t\t\t<form class=\"elementor-form\" method=\"post\" name=\"New Form\">\n\t\t\t<input type=\"hidden\" name=\"post_id\" value=\"9888\"\/>\n\t\t\t<input type=\"hidden\" name=\"form_id\" value=\"4ca178bb\"\/>\n\t\t\t<input type=\"hidden\" name=\"referer_title\" value=\"\" \/>\n\n\t\t\t\n\t\t\t<div class=\"elementor-form-fields-wrapper elementor-labels-\">\n\t\t\t\t\t\t\t\t<div class=\"elementor-field-type-email elementor-field-group elementor-column elementor-field-group-email elementor-col-100 elementor-field-required\">\n\t\t\t\t\t\t\t\t\t\t\t\t<label for=\"form-field-email\" class=\"elementor-field-label elementor-screen-only\">\n\t\t\t\t\t\t\t\tE-mail\t\t\t\t\t\t\t<\/label>\n\t\t\t\t\t\t\t\t\t\t\t\t\t\t<input size=\"1\" type=\"email\" name=\"form_fields[email]\" id=\"form-field-email\" class=\"elementor-field elementor-size-lg  elementor-field-textual\" placeholder=\"E-mail\" required=\"required\" aria-required=\"true\">\n\t\t\t\t\t\t\t\t\t\t\t<\/div>\n\t\t\t\t\t\t\t\t<div class=\"elementor-field-group elementor-column elementor-field-type-submit elementor-col-100 e-form__buttons\">\n\t\t\t\t\t<button class=\"elementor-button elementor-size-sm\" type=\"submit\">\n\t\t\t\t\t\t<span class=\"elementor-button-content-wrapper\">\n\t\t\t\t\t\t\t\t\t\t\t\t\t\t\t\t\t\t\t\t\t\t<span class=\"elementor-button-text\">Me avise<\/span>\n\t\t\t\t\t\t\t\t\t\t\t\t\t<\/span>\n\t\t\t\t\t<\/button>\n\t\t\t\t<\/div>\n\t\t\t<\/div>\n\t\t<\/form>\n\t\t\t\t<\/div>\n\t\t\t\t<\/div>\n\t\t\t\t<div class=\"elementor-element elementor-element-dbb308e elementor-widget elementor-widget-heading\" data-id=\"dbb308e\" data-element_type=\"widget\" data-widget_type=\"heading.default\">\n\t\t\t\t<div class=\"elementor-widget-container\">\n\t\t\t<h2 class=\"elementor-heading-title elementor-size-default\"><a href=\"https:\/\/sites.usp.br\/alumni\/\">Clique aqui para voltar para a homepage<\/a><\/h2>\t\t<\/div>\n\t\t\t\t<\/div>\n\t\t\t\t\t<\/div>\n\t\t<\/div>\n\t\t\t\t\t<\/div>\n\t\t<\/section>\n\t\t\t\t<\/div>\n\t\t","protected":false},"excerpt":{"rendered":"<p>P\u00e1gina em constru\u00e7\u00e3o Informe seu e-mail para receber um aviso quando estiver no ar. Clique aqui para voltar para a homepage<\/p>\n","protected":false},"author":432,"featured_media":0,"parent":0,"menu_order":0,"comment_status":"closed","ping_status":"closed","template":"elementor_canvas","meta":{"footnotes":"","_links_to":"","_links_to_target":""},"class_list":["post-9888","page","type-page","status-publish","hentry"],"_links":{"self":[{"href":"https:\/\/alumni.usp.br\/en\/wp-json\/wp\/v2\/pages\/9888","targetHints":{"allow":["GET"]}}],"collection":[{"href":"https:\/\/alumni.usp.br\/en\/wp-json\/wp\/v2\/pages"}],"about":[{"href":"https:\/\/alumni.usp.br\/en\/wp-json\/wp\/v2\/types\/page"}],"author":[{"embeddable":true,"href":"https:\/\/alumni.usp.br\/en\/wp-json\/wp\/v2\/users\/432"}],"replies":[{"embeddable":true,"href":"https:\/\/alumni.usp.br\/en\/wp-json\/wp\/v2\/comments?post=9888"}],"version-history":[{"count":4,"href":"https:\/\/alumni.usp.br\/en\/wp-json\/wp\/v2\/pages\/9888\/revisions"}],"predecessor-version":[{"id":10060,"href":"https:\/\/alumni.usp.br\/en\/wp-json\/wp\/v2\/pages\/9888\/revisions\/10060"}],"wp:attachment":[{"href":"https:\/\/alumni.usp.br\/en\/wp-json\/wp\/v2\/media?parent=9888"}],"curies":[{"name":"wp","href":"https:\/\/api.w.org\/{rel}","templated":true}]}}