{"id":2227,"date":"2025-08-21T16:27:18","date_gmt":"2025-08-21T19:27:18","guid":{"rendered":"https:\/\/sites.usp.br\/alumni\/?page_id=2227"},"modified":"2025-10-30T13:01:31","modified_gmt":"2025-10-30T16:01:31","slug":"dados-analiticos","status":"publish","type":"page","link":"https:\/\/alumni.usp.br\/en\/dados-analiticos\/","title":{"rendered":"Dados Anal\u00edticos"},"content":{"rendered":"\t\t<div data-elementor-type=\"wp-page\" data-elementor-id=\"2227\" class=\"elementor elementor-2227\" data-elementor-post-type=\"page\">\n\t\t\t\t\t\t<section class=\"elementor-section elementor-top-section elementor-element elementor-element-1ab63c4f elementor-section-boxed elementor-section-height-default elementor-section-height-default\" data-id=\"1ab63c4f\" data-element_type=\"section\">\n\t\t\t\t\t\t<div class=\"elementor-container elementor-column-gap-default\">\n\t\t\t\t\t<div class=\"elementor-column elementor-col-100 elementor-top-column elementor-element elementor-element-31d39c1\" data-id=\"31d39c1\" data-element_type=\"column\">\n\t\t\t<div class=\"elementor-widget-wrap elementor-element-populated\">\n\t\t\t\t\t\t<div class=\"elementor-element elementor-element-5f4bfdf elementor-widget elementor-widget-heading\" data-id=\"5f4bfdf\" data-element_type=\"widget\" data-widget_type=\"heading.default\">\n\t\t\t\t<div class=\"elementor-widget-container\">\n\t\t\t<h2 class=\"elementor-heading-title elementor-size-default\">ALUMNI EM N\u00daMEROS<\/h2>\t\t<\/div>\n\t\t\t\t<\/div>\n\t\t\t\t<div class=\"elementor-element elementor-element-434da02 elementor-widget elementor-widget-heading\" data-id=\"434da02\" data-element_type=\"widget\" data-widget_type=\"heading.default\">\n\t\t\t\t<div class=\"elementor-widget-container\">\n\t\t\t<h2 class=\"elementor-heading-title elementor-size-default\">An\u00e1lise dos dados integrados\u00a0da plataforma Alumni<\/h2>\t\t<\/div>\n\t\t\t\t<\/div>\n\t\t\t\t<div class=\"elementor-element elementor-element-6177654c elementor-widget elementor-widget-text-editor\" data-id=\"6177654c\" data-element_type=\"widget\" data-widget_type=\"text-editor.default\">\n\t\t\t\t<div class=\"elementor-widget-container\">\n\t\t\t\t\t\t\t<p style=\"text-align: center;\"><span style=\"font-family: helvetica, arial, sans-serif;\">Essa plataforma cont\u00e9m informa\u00e7\u00f5es obtidas Lattes dos alumni bem como os dados dos demais sistemas da Universidade, em especial o Sistema J\u00fapiter da Pr\u00f3-Reitoria de Gradua\u00e7\u00e3o (PRG), o Sistema Janus da Pr\u00f3-Reitoria de P\u00f3s-Gradua\u00e7\u00e3o (PRPG), o Sistema Mundus da Ag\u00eancia de Coopera\u00e7\u00e3o Acad\u00eamica Nacional e Internacional (AUCANI), o Sistema Apolo da Pr\u00f3-Reitoria de Cultura e Extens\u00e3o (PRCEU), o Sistema Atena da Pr\u00f3-Reitoria de Pesquisa e Inova\u00e7\u00e3o (PRPI) e o sistema da Pr\u00f3-Reitoria de Inclus\u00e3o e Pertencimento (PRIP).<\/span><\/p><p style=\"text-align: center;\"><span style=\"font-family: helvetica, arial, sans-serif;\">Se voc\u00ea \u00e9 dirigente e deseja usar os dados restritos do Alumni em n\u00fameros, clique no bot\u00e3o abaixo:<\/span><\/p>\t\t\t\t\t\t<\/div>\n\t\t\t\t<\/div>\n\t\t\t\t<div class=\"elementor-element elementor-element-1525451 elementor-align-center elementor-widget elementor-widget-button\" data-id=\"1525451\" data-element_type=\"widget\" data-widget_type=\"button.default\">\n\t\t\t\t<div class=\"elementor-widget-container\">\n\t\t\t\t\t\t\t<div class=\"elementor-button-wrapper\">\n\t\t\t\t\t<a class=\"elementor-button elementor-button-link elementor-size-sm\" href=\"https:\/\/uspdigital.usp.br\/datausp\/jsp\/alumni\/alumni.jsp?codmnu=7046\">\n\t\t\t\t\t\t<span class=\"elementor-button-content-wrapper\">\n\t\t\t\t\t\t\t\t\t<span class=\"elementor-button-text\">Acessar Data USP<\/span>\n\t\t\t\t\t<\/span>\n\t\t\t\t\t<\/a>\n\t\t\t\t<\/div>\n\t\t\t\t\t\t<\/div>\n\t\t\t\t<\/div>\n\t\t\t\t\t<\/div>\n\t\t<\/div>\n\t\t\t\t\t<\/div>\n\t\t<\/section>\n\t\t\t\t<section class=\"elementor-section elementor-top-section elementor-element elementor-element-1b95286 elementor-section-boxed elementor-section-height-default elementor-section-height-default\" data-id=\"1b95286\" data-element_type=\"section\" data-settings=\"{&quot;background_background&quot;:&quot;classic&quot;}\">\n\t\t\t\t\t\t<div class=\"elementor-container elementor-column-gap-default\">\n\t\t\t\t\t<div class=\"elementor-column elementor-col-100 elementor-top-column elementor-element elementor-element-5f18374\" data-id=\"5f18374\" data-element_type=\"column\">\n\t\t\t<div class=\"elementor-widget-wrap elementor-element-populated\">\n\t\t\t\t\t\t<div class=\"elementor-element elementor-element-2bc12da elementor-widget elementor-widget-html\" data-id=\"2bc12da\" data-element_type=\"widget\" data-widget_type=\"html.default\">\n\t\t\t\t<div class=\"elementor-widget-container\">\n\t\t\t<div style=\"position:relative;height:100vh;overflow:hidden;\">\r\n  <iframe src=\"https:\/\/uspdigital.usp.br\/datausp\/publico\/alumni\/alumni.jsp?codmnu=7045&prt=S\"\r\n    style=\"position:absolute;top:0;left:0;width:100%;height:100%;border:none;\"><\/iframe>\r\n<\/div>\t\t<\/div>\n\t\t\t\t<\/div>\n\t\t\t\t\t<\/div>\n\t\t<\/div>\n\t\t\t\t\t<\/div>\n\t\t<\/section>\n\t\t\t\t<\/div>\n\t\t","protected":false},"excerpt":{"rendered":"<p>ALUMNI EM N\u00daMEROS An\u00e1lise dos dados integrados\u00a0da plataforma Alumni Essa plataforma cont\u00e9m informa\u00e7\u00f5es obtidas Lattes dos alumni bem como os dados dos demais sistemas da Universidade, em especial o Sistema J\u00fapiter da Pr\u00f3-Reitoria de Gradua\u00e7\u00e3o (PRG), o Sistema Janus da Pr\u00f3-Reitoria de P\u00f3s-Gradua\u00e7\u00e3o (PRPG), o Sistema Mundus da Ag\u00eancia de Coopera\u00e7\u00e3o Acad\u00eamica Nacional e Internacional [&hellip;]<\/p>\n","protected":false},"author":432,"featured_media":2379,"parent":0,"menu_order":0,"comment_status":"closed","ping_status":"closed","template":"","meta":{"footnotes":"","_links_to":"","_links_to_target":""},"class_list":["post-2227","page","type-page","status-publish","has-post-thumbnail","hentry"],"_links":{"self":[{"href":"https:\/\/alumni.usp.br\/en\/wp-json\/wp\/v2\/pages\/2227","targetHints":{"allow":["GET"]}}],"collection":[{"href":"https:\/\/alumni.usp.br\/en\/wp-json\/wp\/v2\/pages"}],"about":[{"href":"https:\/\/alumni.usp.br\/en\/wp-json\/wp\/v2\/types\/page"}],"author":[{"embeddable":true,"href":"https:\/\/alumni.usp.br\/en\/wp-json\/wp\/v2\/users\/432"}],"replies":[{"embeddable":true,"href":"https:\/\/alumni.usp.br\/en\/wp-json\/wp\/v2\/comments?post=2227"}],"version-history":[{"count":4,"href":"https:\/\/alumni.usp.br\/en\/wp-json\/wp\/v2\/pages\/2227\/revisions"}],"predecessor-version":[{"id":9678,"href":"https:\/\/alumni.usp.br\/en\/wp-json\/wp\/v2\/pages\/2227\/revisions\/9678"}],"wp:featuredmedia":[{"embeddable":true,"href":"https:\/\/alumni.usp.br\/en\/wp-json\/wp\/v2\/media\/2379"}],"wp:attachment":[{"href":"https:\/\/alumni.usp.br\/en\/wp-json\/wp\/v2\/media?parent=2227"}],"curies":[{"name":"wp","href":"https:\/\/api.w.org\/{rel}","templated":true}]}}