{"id":2198,"date":"2025-08-21T16:03:13","date_gmt":"2025-08-21T19:03:13","guid":{"rendered":"https:\/\/sites.usp.br\/alumni\/?page_id=2198"},"modified":"2025-11-17T18:39:49","modified_gmt":"2025-11-17T21:39:49","slug":"parcerias","status":"publish","type":"page","link":"https:\/\/alumni.usp.br\/en\/parcerias\/","title":{"rendered":"Parcerias"},"content":{"rendered":"\t\t<div data-elementor-type=\"wp-post\" data-elementor-id=\"2198\" class=\"elementor elementor-2198\" data-elementor-post-type=\"page\">\n\t\t\t\t\t\t<section class=\"elementor-section elementor-top-section elementor-element elementor-element-3d5e93be elementor-section-boxed elementor-section-height-default elementor-section-height-default\" data-id=\"3d5e93be\" data-element_type=\"section\">\n\t\t\t\t\t\t<div class=\"elementor-container elementor-column-gap-default\">\n\t\t\t\t\t<div class=\"elementor-column elementor-col-100 elementor-top-column elementor-element elementor-element-53bdc501\" data-id=\"53bdc501\" data-element_type=\"column\">\n\t\t\t<div class=\"elementor-widget-wrap elementor-element-populated\">\n\t\t\t\t\t\t<div class=\"elementor-element elementor-element-870dfbb elementor-widget elementor-widget-heading\" data-id=\"870dfbb\" data-element_type=\"widget\" data-widget_type=\"heading.default\">\n\t\t\t\t<div class=\"elementor-widget-container\">\n\t\t\t<h2 class=\"elementor-heading-title elementor-size-default\">AN\u00daNCIO DE VAGAS<\/h2>\t\t<\/div>\n\t\t\t\t<\/div>\n\t\t\t\t<div class=\"elementor-element elementor-element-3a2e3c1 elementor-widget elementor-widget-heading\" data-id=\"3a2e3c1\" data-element_type=\"widget\" data-widget_type=\"heading.default\">\n\t\t\t\t<div class=\"elementor-widget-container\">\n\t\t\t<h3 class=\"elementor-heading-title elementor-size-default\">Anuncie oportunidades profissionais para os egressos(as) da USP<\/h3>\t\t<\/div>\n\t\t\t\t<\/div>\n\t\t\t\t<section class=\"elementor-section elementor-inner-section elementor-element elementor-element-779a96b1 elementor-section-full_width elementor-section-height-default elementor-section-height-default\" data-id=\"779a96b1\" data-element_type=\"section\">\n\t\t\t\t\t\t<div class=\"elementor-container elementor-column-gap-default\">\n\t\t\t\t\t<div class=\"elementor-column elementor-col-50 elementor-inner-column elementor-element elementor-element-2199c452\" data-id=\"2199c452\" data-element_type=\"column\">\n\t\t\t<div class=\"elementor-widget-wrap elementor-element-populated\">\n\t\t\t\t\t\t<div class=\"elementor-element elementor-element-3d6bd526 e-transform elementor-invisible elementor-widget elementor-widget-image\" data-id=\"3d6bd526\" data-element_type=\"widget\" data-settings=\"{&quot;_animation&quot;:&quot;fadeInUp&quot;,&quot;_transform_scaleX_effect&quot;:{&quot;unit&quot;:&quot;px&quot;,&quot;size&quot;:&quot;&quot;,&quot;sizes&quot;:[]},&quot;_transform_scaleX_effect_tablet&quot;:{&quot;unit&quot;:&quot;px&quot;,&quot;size&quot;:&quot;&quot;,&quot;sizes&quot;:[]},&quot;_transform_scaleX_effect_mobile&quot;:{&quot;unit&quot;:&quot;px&quot;,&quot;size&quot;:&quot;&quot;,&quot;sizes&quot;:[]},&quot;_transform_scaleY_effect&quot;:{&quot;unit&quot;:&quot;px&quot;,&quot;size&quot;:&quot;&quot;,&quot;sizes&quot;:[]},&quot;_transform_scaleY_effect_tablet&quot;:{&quot;unit&quot;:&quot;px&quot;,&quot;size&quot;:&quot;&quot;,&quot;sizes&quot;:[]},&quot;_transform_scaleY_effect_mobile&quot;:{&quot;unit&quot;:&quot;px&quot;,&quot;size&quot;:&quot;&quot;,&quot;sizes&quot;:[]}}\" data-widget_type=\"image.default\">\n\t\t\t\t<div class=\"elementor-widget-container\">\n\t\t\t\t\t\t\t\t\t\t\t\t\t<img fetchpriority=\"high\" decoding=\"async\" width=\"1080\" height=\"1080\" src=\"https:\/\/alumni.usp.br\/wp-content\/uploads\/sites\/77\/2025\/11\/egresso-e1762059900629.png\" class=\"attachment-full size-full wp-image-9842\" alt=\"\" srcset=\"https:\/\/alumni.usp.br\/wp-content\/uploads\/sites\/77\/2025\/11\/egresso-e1762059900629.png 1080w, https:\/\/alumni.usp.br\/wp-content\/uploads\/sites\/77\/2025\/11\/egresso-e1762059900629-300x300.png 300w, https:\/\/alumni.usp.br\/wp-content\/uploads\/sites\/77\/2025\/11\/egresso-e1762059900629-469x469.png 469w, https:\/\/alumni.usp.br\/wp-content\/uploads\/sites\/77\/2025\/11\/egresso-e1762059900629-150x150.png 150w, https:\/\/alumni.usp.br\/wp-content\/uploads\/sites\/77\/2025\/11\/egresso-e1762059900629-768x768.png 768w, https:\/\/alumni.usp.br\/wp-content\/uploads\/sites\/77\/2025\/11\/egresso-e1762059900629-64x64.png 64w, https:\/\/alumni.usp.br\/wp-content\/uploads\/sites\/77\/2025\/11\/egresso-e1762059900629-45x45.png 45w, https:\/\/alumni.usp.br\/wp-content\/uploads\/sites\/77\/2025\/11\/egresso-e1762059900629-200x200.png 200w, https:\/\/alumni.usp.br\/wp-content\/uploads\/sites\/77\/2025\/11\/egresso-e1762059900629-400x400.png 400w\" sizes=\"(max-width: 1080px) 100vw, 1080px\" \/>\t\t\t\t\t\t\t\t\t\t\t\t\t<\/div>\n\t\t\t\t<\/div>\n\t\t\t\t\t<\/div>\n\t\t<\/div>\n\t\t\t\t<div class=\"elementor-column elementor-col-50 elementor-inner-column elementor-element elementor-element-36a7f8f0\" data-id=\"36a7f8f0\" data-element_type=\"column\">\n\t\t\t<div class=\"elementor-widget-wrap elementor-element-populated\">\n\t\t\t\t\t\t<div class=\"elementor-element elementor-element-4f755469 elementor-invisible elementor-widget elementor-widget-text-editor\" data-id=\"4f755469\" data-element_type=\"widget\" data-settings=\"{&quot;_animation&quot;:&quot;fadeInUp&quot;}\" data-widget_type=\"text-editor.default\">\n\t\t\t\t<div class=\"elementor-widget-container\">\n\t\t\t\t\t\t\t<p>Com excel\u00eancia reconhecida no ensino, na pesquisa e na forma\u00e7\u00e3o de profissionais em diversas \u00e1reas do conhecimento, a Universidade de S\u00e3o Paulo contribui continuamente para o desenvolvimento do pa\u00eds.<\/p><p>Pela plataforma Alumni USP, sua institui\u00e7\u00e3o pode divulgar vagas de trabalho e alcan\u00e7ar egressos(as) preparados para enfrentar desafios complexos, com vis\u00e3o, compromisso \u00e9tico e s\u00f3lida forma\u00e7\u00e3o acad\u00eamica. Veja os benef\u00edcios:<\/p>\t\t\t\t\t\t<\/div>\n\t\t\t\t<\/div>\n\t\t\t\t<div class=\"elementor-element elementor-element-1d25f3b elementor-position-left elementor-vertical-align-middle elementor-view-default elementor-mobile-position-top elementor-widget elementor-widget-icon-box\" data-id=\"1d25f3b\" data-element_type=\"widget\" data-widget_type=\"icon-box.default\">\n\t\t\t\t<div class=\"elementor-widget-container\">\n\t\t\t\t\t<div class=\"elementor-icon-box-wrapper\">\n\n\t\t\t\t\t\t<div class=\"elementor-icon-box-icon\">\n\t\t\t\t<span  class=\"elementor-icon elementor-animation-\">\n\t\t\t\t<i aria-hidden=\"true\" class=\"far fa-arrow-alt-circle-right\"><\/i>\t\t\t\t<\/span>\n\t\t\t<\/div>\n\t\t\t\n\t\t\t\t\t\t<div class=\"elementor-icon-box-content\">\n\n\t\t\t\t\t\t\t\t\t<h4 class=\"elementor-icon-box-title\">\n\t\t\t\t\t\t<span  >\n\t\t\t\t\t\t\tAcesso exclusivo aos mais de 150 mil egressos(as) cadastrados.\t\t\t\t\t\t<\/span>\n\t\t\t\t\t<\/h4>\n\t\t\t\t\n\t\t\t\t\n\t\t\t<\/div>\n\t\t\t\n\t\t<\/div>\n\t\t\t\t<\/div>\n\t\t\t\t<\/div>\n\t\t\t\t<div class=\"elementor-element elementor-element-3dea91f elementor-position-left elementor-vertical-align-middle elementor-view-default elementor-mobile-position-top elementor-widget elementor-widget-icon-box\" data-id=\"3dea91f\" data-element_type=\"widget\" data-widget_type=\"icon-box.default\">\n\t\t\t\t<div class=\"elementor-widget-container\">\n\t\t\t\t\t<div class=\"elementor-icon-box-wrapper\">\n\n\t\t\t\t\t\t<div class=\"elementor-icon-box-icon\">\n\t\t\t\t<span  class=\"elementor-icon elementor-animation-\">\n\t\t\t\t<i aria-hidden=\"true\" class=\"far fa-arrow-alt-circle-right\"><\/i>\t\t\t\t<\/span>\n\t\t\t<\/div>\n\t\t\t\n\t\t\t\t\t\t<div class=\"elementor-icon-box-content\">\n\n\t\t\t\t\t\t\t\t\t<h4 class=\"elementor-icon-box-title\">\n\t\t\t\t\t\t<span  >\n\t\t\t\t\t\t\tCertifica\u00e7\u00e3o garantida! Apenas usu\u00e1rios formados pela USP visualizar\u00e3o a vaga.\t\t\t\t\t\t<\/span>\n\t\t\t\t\t<\/h4>\n\t\t\t\t\n\t\t\t\t\n\t\t\t<\/div>\n\t\t\t\n\t\t<\/div>\n\t\t\t\t<\/div>\n\t\t\t\t<\/div>\n\t\t\t\t<div class=\"elementor-element elementor-element-7e3d9e3 elementor-widget elementor-widget-button\" data-id=\"7e3d9e3\" data-element_type=\"widget\" data-widget_type=\"button.default\">\n\t\t\t\t<div class=\"elementor-widget-container\">\n\t\t\t\t\t\t\t<div class=\"elementor-button-wrapper\">\n\t\t\t\t\t<a class=\"elementor-button elementor-button-link elementor-size-sm\" href=\"https:\/\/alumni.usp.br\/maintenance\/\">\n\t\t\t\t\t\t<span class=\"elementor-button-content-wrapper\">\n\t\t\t\t\t\t\t\t\t<span class=\"elementor-button-text\">Quero anunciar vagas!<\/span>\n\t\t\t\t\t<\/span>\n\t\t\t\t\t<\/a>\n\t\t\t\t<\/div>\n\t\t\t\t\t\t<\/div>\n\t\t\t\t<\/div>\n\t\t\t\t\t<\/div>\n\t\t<\/div>\n\t\t\t\t\t<\/div>\n\t\t<\/section>\n\t\t\t\t\t<\/div>\n\t\t<\/div>\n\t\t\t\t\t<\/div>\n\t\t<\/section>\n\t\t\t\t<section class=\"elementor-section elementor-top-section elementor-element elementor-element-27136a7b elementor-section-boxed elementor-section-height-default elementor-section-height-default\" data-id=\"27136a7b\" data-element_type=\"section\">\n\t\t\t\t\t\t<div class=\"elementor-container elementor-column-gap-default\">\n\t\t\t\t\t<div class=\"elementor-column elementor-col-100 elementor-top-column elementor-element elementor-element-328cb3ec\" data-id=\"328cb3ec\" data-element_type=\"column\">\n\t\t\t<div class=\"elementor-widget-wrap elementor-element-populated\">\n\t\t\t\t\t\t<div class=\"elementor-element elementor-element-0e07597 elementor-widget elementor-widget-heading\" data-id=\"0e07597\" data-element_type=\"widget\" data-widget_type=\"heading.default\">\n\t\t\t\t<div class=\"elementor-widget-container\">\n\t\t\t<h2 class=\"elementor-heading-title elementor-size-default\">OFERE\u00c7A VANTAGENS<\/h2>\t\t<\/div>\n\t\t\t\t<\/div>\n\t\t\t\t<div class=\"elementor-element elementor-element-1d02a1a elementor-widget elementor-widget-heading\" data-id=\"1d02a1a\" data-element_type=\"widget\" data-widget_type=\"heading.default\">\n\t\t\t\t<div class=\"elementor-widget-container\">\n\t\t\t<h3 class=\"elementor-heading-title elementor-size-default\">Divulgue sua empresa na plataforma oferecendo vantagens exclusivas<\/h3>\t\t<\/div>\n\t\t\t\t<\/div>\n\t\t\t\t<section class=\"elementor-section elementor-inner-section elementor-element elementor-element-5783203c elementor-section-full_width elementor-section-height-default elementor-section-height-default\" data-id=\"5783203c\" data-element_type=\"section\">\n\t\t\t\t\t\t<div class=\"elementor-container elementor-column-gap-default\">\n\t\t\t\t\t<div class=\"elementor-column elementor-col-50 elementor-inner-column elementor-element elementor-element-11a2874f\" data-id=\"11a2874f\" data-element_type=\"column\">\n\t\t\t<div class=\"elementor-widget-wrap elementor-element-populated\">\n\t\t\t\t\t\t<div class=\"elementor-element elementor-element-6de79489 elementor-invisible elementor-widget elementor-widget-text-editor\" data-id=\"6de79489\" data-element_type=\"widget\" data-settings=\"{&quot;_animation&quot;:&quot;fadeInUp&quot;}\" data-widget_type=\"text-editor.default\">\n\t\t\t\t<div class=\"elementor-widget-container\">\n\t\t\t\t\t\t\t<p>Ao oferecer vantagens e descontos exclusivos na plataforma Alumni USP, sua empresa se conecta a uma comunidade formada por milhares de egressos(as) que valorizam parcerias de confian\u00e7a e qualidade.<\/p><p>Al\u00e9m de contribuir para o relacionamento com esse p\u00fablico qualificado, sua marca ganha visibilidade em um ambiente que re\u00fane profissionais de destaque, fortalecendo sua presen\u00e7a com este perfil de pessoas.<\/p>\t\t\t\t\t\t<\/div>\n\t\t\t\t<\/div>\n\t\t\t\t<div class=\"elementor-element elementor-element-2cc59b9 elementor-position-left elementor-vertical-align-middle elementor-view-default elementor-mobile-position-top elementor-widget elementor-widget-icon-box\" data-id=\"2cc59b9\" data-element_type=\"widget\" data-widget_type=\"icon-box.default\">\n\t\t\t\t<div class=\"elementor-widget-container\">\n\t\t\t\t\t<div class=\"elementor-icon-box-wrapper\">\n\n\t\t\t\t\t\t<div class=\"elementor-icon-box-icon\">\n\t\t\t\t<span  class=\"elementor-icon elementor-animation-\">\n\t\t\t\t<i aria-hidden=\"true\" class=\"far fa-arrow-alt-circle-right\"><\/i>\t\t\t\t<\/span>\n\t\t\t<\/div>\n\t\t\t\n\t\t\t\t\t\t<div class=\"elementor-icon-box-content\">\n\n\t\t\t\t\t\t\t\t\t<h4 class=\"elementor-icon-box-title\">\n\t\t\t\t\t\t<span  >\n\t\t\t\t\t\t\tFortale\u00e7a sua marca entre os egressos(as) da Universidade.\t\t\t\t\t\t<\/span>\n\t\t\t\t\t<\/h4>\n\t\t\t\t\n\t\t\t\t\n\t\t\t<\/div>\n\t\t\t\n\t\t<\/div>\n\t\t\t\t<\/div>\n\t\t\t\t<\/div>\n\t\t\t\t<div class=\"elementor-element elementor-element-a4b742f elementor-position-left elementor-vertical-align-middle elementor-view-default elementor-mobile-position-top elementor-widget elementor-widget-icon-box\" data-id=\"a4b742f\" data-element_type=\"widget\" data-widget_type=\"icon-box.default\">\n\t\t\t\t<div class=\"elementor-widget-container\">\n\t\t\t\t\t<div class=\"elementor-icon-box-wrapper\">\n\n\t\t\t\t\t\t<div class=\"elementor-icon-box-icon\">\n\t\t\t\t<span  class=\"elementor-icon elementor-animation-\">\n\t\t\t\t<i aria-hidden=\"true\" class=\"far fa-arrow-alt-circle-right\"><\/i>\t\t\t\t<\/span>\n\t\t\t<\/div>\n\t\t\t\n\t\t\t\t\t\t<div class=\"elementor-icon-box-content\">\n\n\t\t\t\t\t\t\t\t\t<h4 class=\"elementor-icon-box-title\">\n\t\t\t\t\t\t<span  >\n\t\t\t\t\t\t\tAlcance exclusivo aos mais de 150 mil egressos(as) cadastrados.\t\t\t\t\t\t<\/span>\n\t\t\t\t\t<\/h4>\n\t\t\t\t\n\t\t\t\t\n\t\t\t<\/div>\n\t\t\t\n\t\t<\/div>\n\t\t\t\t<\/div>\n\t\t\t\t<\/div>\n\t\t\t\t<div class=\"elementor-element elementor-element-8c275ab elementor-widget elementor-widget-button\" data-id=\"8c275ab\" data-element_type=\"widget\" data-widget_type=\"button.default\">\n\t\t\t\t<div class=\"elementor-widget-container\">\n\t\t\t\t\t\t\t<div class=\"elementor-button-wrapper\">\n\t\t\t\t\t<a class=\"elementor-button elementor-button-link elementor-size-sm\" href=\"https:\/\/alumni.usp.br\/maintenance\/\">\n\t\t\t\t\t\t<span class=\"elementor-button-content-wrapper\">\n\t\t\t\t\t\t\t\t\t<span class=\"elementor-button-text\">Quero oferecer vantagens!<\/span>\n\t\t\t\t\t<\/span>\n\t\t\t\t\t<\/a>\n\t\t\t\t<\/div>\n\t\t\t\t\t\t<\/div>\n\t\t\t\t<\/div>\n\t\t\t\t\t<\/div>\n\t\t<\/div>\n\t\t\t\t<div class=\"elementor-column elementor-col-50 elementor-inner-column elementor-element elementor-element-4a8bd15f\" data-id=\"4a8bd15f\" data-element_type=\"column\">\n\t\t\t<div class=\"elementor-widget-wrap elementor-element-populated\">\n\t\t\t\t\t\t<div class=\"elementor-element elementor-element-68c17522 elementor-invisible elementor-widget elementor-widget-image\" data-id=\"68c17522\" data-element_type=\"widget\" data-settings=\"{&quot;_animation&quot;:&quot;fadeInUp&quot;}\" data-widget_type=\"image.default\">\n\t\t\t\t<div class=\"elementor-widget-container\">\n\t\t\t\t\t\t\t\t\t\t\t\t\t<img decoding=\"async\" width=\"1080\" height=\"1080\" src=\"https:\/\/alumni.usp.br\/wp-content\/uploads\/sites\/77\/2025\/11\/w-vantagens.png\" class=\"attachment-full size-full wp-image-9850\" alt=\"\" srcset=\"https:\/\/alumni.usp.br\/wp-content\/uploads\/sites\/77\/2025\/11\/w-vantagens.png 1080w, https:\/\/alumni.usp.br\/wp-content\/uploads\/sites\/77\/2025\/11\/w-vantagens-300x300.png 300w, https:\/\/alumni.usp.br\/wp-content\/uploads\/sites\/77\/2025\/11\/w-vantagens-469x469.png 469w, https:\/\/alumni.usp.br\/wp-content\/uploads\/sites\/77\/2025\/11\/w-vantagens-150x150.png 150w, https:\/\/alumni.usp.br\/wp-content\/uploads\/sites\/77\/2025\/11\/w-vantagens-768x768.png 768w, https:\/\/alumni.usp.br\/wp-content\/uploads\/sites\/77\/2025\/11\/w-vantagens-64x64.png 64w, https:\/\/alumni.usp.br\/wp-content\/uploads\/sites\/77\/2025\/11\/w-vantagens-45x45.png 45w, https:\/\/alumni.usp.br\/wp-content\/uploads\/sites\/77\/2025\/11\/w-vantagens-200x200.png 200w, https:\/\/alumni.usp.br\/wp-content\/uploads\/sites\/77\/2025\/11\/w-vantagens-400x400.png 400w\" sizes=\"(max-width: 1080px) 100vw, 1080px\" \/>\t\t\t\t\t\t\t\t\t\t\t\t\t<\/div>\n\t\t\t\t<\/div>\n\t\t\t\t\t<\/div>\n\t\t<\/div>\n\t\t\t\t\t<\/div>\n\t\t<\/section>\n\t\t\t\t\t<\/div>\n\t\t<\/div>\n\t\t\t\t\t<\/div>\n\t\t<\/section>\n\t\t\t\t<\/div>\n\t\t","protected":false},"excerpt":{"rendered":"<p>AN\u00daNCIO DE VAGAS Anuncie oportunidades profissionais para os egressos(as) da USP Com excel\u00eancia reconhecida no ensino, na pesquisa e na forma\u00e7\u00e3o de profissionais em diversas \u00e1reas do conhecimento, a Universidade de S\u00e3o Paulo contribui continuamente para o desenvolvimento do pa\u00eds. Pela plataforma Alumni USP, sua institui\u00e7\u00e3o pode divulgar vagas de trabalho e alcan\u00e7ar egressos(as) preparados [&hellip;]<\/p>\n","protected":false},"author":432,"featured_media":9726,"parent":0,"menu_order":0,"comment_status":"closed","ping_status":"closed","template":"","meta":{"footnotes":"","_links_to":"","_links_to_target":""},"class_list":["post-2198","page","type-page","status-publish","has-post-thumbnail","hentry"],"_links":{"self":[{"href":"https:\/\/alumni.usp.br\/en\/wp-json\/wp\/v2\/pages\/2198","targetHints":{"allow":["GET"]}}],"collection":[{"href":"https:\/\/alumni.usp.br\/en\/wp-json\/wp\/v2\/pages"}],"about":[{"href":"https:\/\/alumni.usp.br\/en\/wp-json\/wp\/v2\/types\/page"}],"author":[{"embeddable":true,"href":"https:\/\/alumni.usp.br\/en\/wp-json\/wp\/v2\/users\/432"}],"replies":[{"embeddable":true,"href":"https:\/\/alumni.usp.br\/en\/wp-json\/wp\/v2\/comments?post=2198"}],"version-history":[{"count":4,"href":"https:\/\/alumni.usp.br\/en\/wp-json\/wp\/v2\/pages\/2198\/revisions"}],"predecessor-version":[{"id":10064,"href":"https:\/\/alumni.usp.br\/en\/wp-json\/wp\/v2\/pages\/2198\/revisions\/10064"}],"wp:featuredmedia":[{"embeddable":true,"href":"https:\/\/alumni.usp.br\/en\/wp-json\/wp\/v2\/media\/9726"}],"wp:attachment":[{"href":"https:\/\/alumni.usp.br\/en\/wp-json\/wp\/v2\/media?parent=2198"}],"curies":[{"name":"wp","href":"https:\/\/api.w.org\/{rel}","templated":true}]}}