{"id":2166,"date":"2025-08-21T15:46:56","date_gmt":"2025-08-21T18:46:56","guid":{"rendered":"https:\/\/sites.usp.br\/alumni\/?page_id=2166"},"modified":"2026-03-27T11:26:34","modified_gmt":"2026-03-27T14:26:34","slug":"institucional","status":"publish","type":"page","link":"https:\/\/alumni.usp.br\/en\/institucional\/","title":{"rendered":"Institucional"},"content":{"rendered":"\t\t<div data-elementor-type=\"wp-post\" data-elementor-id=\"2166\" class=\"elementor elementor-2166\" data-elementor-post-type=\"page\">\n\t\t\t\t\t\t<section class=\"elementor-section elementor-top-section elementor-element elementor-element-16fe558 elementor-section-boxed elementor-section-height-default elementor-section-height-default\" data-id=\"16fe558\" data-element_type=\"section\">\n\t\t\t\t\t\t<div class=\"elementor-container elementor-column-gap-default\">\n\t\t\t\t\t<div class=\"elementor-column elementor-col-100 elementor-top-column elementor-element elementor-element-c985243\" data-id=\"c985243\" data-element_type=\"column\">\n\t\t\t<div class=\"elementor-widget-wrap elementor-element-populated\">\n\t\t\t\t\t\t<div class=\"elementor-element elementor-element-0db90b0 elementor-widget elementor-widget-text-editor\" data-id=\"0db90b0\" data-element_type=\"widget\" data-widget_type=\"text-editor.default\">\n\t\t\t\t<div class=\"elementor-widget-container\">\n\t\t\t\t\t\t\t<p>No final de 2016, foi ao ar o portal\u00a0<em>Alumni\u00a0<\/em>USP, com\u00a0o intuito de reunir os antigos alunos de Gradua\u00e7\u00e3o e de P\u00f3s-Gradua\u00e7\u00e3o (Mestrado e Doutorado) da Universidade.\u00a0Podem se cadastrar todos os antigos alunos da Universidade, mas apenas os graduados a partir de 1974 e os titulados de P\u00f3s-Gradua\u00e7\u00e3o a partir de 1986 ter\u00e3o aprova\u00e7\u00e3o autom\u00e1tica do cadastro. Os que estiverem fora dessa faixa ser\u00e3o validados pela sua Unidade de origem, pois os dados anteriores a esses anos ainda n\u00e3o est\u00e3o digitalizados.<\/p><p>A partir de 2018, o portal Alumni USP passa a integrar o Programa Alumni USP, criado pela Reitoria conforme Resolu\u00e7\u00e3o 7511\/ 2018.<\/p><p>\u201cEsse \u00e9 um projeto inovador, uma vez que o portal n\u00e3o quer apenas gerar estat\u00edsticas sobre os antigos alunos, mas quer acolh\u00ea-lo por meio de ferramentas atrativas, melhorar o relacionamento da USP com esse p\u00fablico e mostrar para a sociedade a contribui\u00e7\u00e3o da Universidade na forma\u00e7\u00e3o de seus alunos\u201d, destaca a ex-coordenadora e professora da Faculdade de Odontologia (FO), Marina Helena Cury Gallottini.<\/p><p>A plataforma foi desenvolvida a partir da parceria da Superintend\u00eancia de Tecnologia da Informa\u00e7\u00e3o (STI) da USP com\u00a0dois alunos da P\u00f3s-Gradua\u00e7\u00e3o da Escola Polit\u00e9cnica (Poli), sob a coordena\u00e7\u00e3o do Escrit\u00f3rio\u00a0<em>Alumni<\/em>\u00a0USP.<\/p><p><span lang=\"PT-BR\">A miss\u00e3o \u00e9 c<\/span>riar uma rede de antigos\u00a0alunos de gradua\u00e7\u00e3o e p\u00f3s-gradua\u00e7\u00e3o para proporcionar o contato entre os colegas<\/p><ul><li><em>Networking<\/em><\/li><li>Mostrar e oferecer oportunidades de trabalho<\/li><li>Educa\u00e7\u00e3o continuada<\/li><li>Demais vantagens que ser\u00e3o constantemente oferecidas<br \/><br \/><\/li><\/ul><p><strong>Universidade de S\u00e3o Paulo<\/strong><\/p><ul><li>Reitor: Prof. Dr. Alu\u00edsio Augusto Cotrim Segurado<\/li><li>Vice-Reitora: Prof.\u00aa Dr.\u00aa Liedi L\u00e9gi Bariani Bernucci<\/li><li>Pr\u00f3-Reitor de Gradua\u00e7\u00e3o: Prof. Dr. Marcos Garcia Neira<\/li><li>Pr\u00f3-Reitor de P\u00f3s-Gradua\u00e7\u00e3o: Prof. Dr. Carlos Eduardo Ambr\u00f3sio<\/li><li>Pr\u00f3-Reitor de Cultura e Extens\u00e3o Universit\u00e1ria: Prof. Dr. Am\u00e2ncio Jorge de Oliveira<\/li><li>Pr\u00f3-Reitora de Pesquisa e Inova\u00e7\u00e3o: Prof.\u00aa Dr.\u00aa Maria Helena Pallucci Marziale<\/li><li>Pr\u00f3-Reitora de Inclus\u00e3o e Pertencimento: Prof.\u00aa Dr.\u00aa Patr\u00edcia Gama<br \/><br \/><\/li><\/ul><p><strong>Conselho Executivo do Alumni<\/strong><\/p><ul><li>Prof.\u00aa Dr.\u00aa Raquel Assed Bezerra da Silva \u2013 Coordenadora, indicada pelo Magn\u00edfico Reitor<\/li><li>Prof.\u00aa Dr.\u00aa Maria Luiza de Moraes Barreto de Chaves \u2013 Vice-Coordenadora, indicada pelo Magn\u00edfico Reitor<\/li><li>Prof. Dr. Luis Henrique Souza Guimar\u00e3es \u2013 Membro do Conselho de Gradua\u00e7\u00e3o<\/li><li>Prof\u00aa Dra. Denise Helena Silva Duarte \u2013 Membro do Conselho de P\u00f3s-Gradua\u00e7\u00e3o<\/li><li>Sr. Gilberto Fernando Fish \u2013 Representante de antigos alunos<\/li><li>Marino Hil\u00e1rio Catarino \u2013 Representante da Superintend\u00eancia de Tecnologia da Informa\u00e7\u00e3o (STI)<br \/><br \/><\/li><\/ul><p><strong>Equipe\u00a0do Escrit\u00f3rio Alumni<\/strong><\/p><ul><li>Claudia Regina Pires, secret\u00e1ria<\/li><li>Victor Castro,\u00a0cria\u00e7\u00e3o<\/li><li>Vin\u00edcius Palamarczuk Rocha, estagi\u00e1rio<\/li><\/ul>\t\t\t\t\t\t<\/div>\n\t\t\t\t<\/div>\n\t\t\t\t\t<\/div>\n\t\t<\/div>\n\t\t\t\t\t<\/div>\n\t\t<\/section>\n\t\t\t\t<section class=\"elementor-section elementor-top-section elementor-element elementor-element-3d72aa2 elementor-section-boxed elementor-section-height-default elementor-section-height-default\" data-id=\"3d72aa2\" data-element_type=\"section\">\n\t\t\t\t\t\t<div class=\"elementor-container elementor-column-gap-default\">\n\t\t\t\t\t<div class=\"elementor-column elementor-col-50 elementor-top-column elementor-element elementor-element-447e010\" data-id=\"447e010\" data-element_type=\"column\">\n\t\t\t<div class=\"elementor-widget-wrap elementor-element-populated\">\n\t\t\t\t\t\t<div class=\"elementor-element elementor-element-a874215 elementor-widget elementor-widget-image\" data-id=\"a874215\" data-element_type=\"widget\" data-widget_type=\"image.default\">\n\t\t\t\t<div class=\"elementor-widget-container\">\n\t\t\t\t\t\t\t\t\t\t\t\t\t<img fetchpriority=\"high\" decoding=\"async\" width=\"352\" height=\"469\" src=\"https:\/\/alumni.usp.br\/wp-content\/uploads\/sites\/77\/2026\/01\/Capa_doc-P-352x469.png\" class=\"attachment-large size-large wp-image-10271\" alt=\"\" srcset=\"https:\/\/alumni.usp.br\/wp-content\/uploads\/sites\/77\/2026\/01\/Capa_doc-P-352x469.png 352w, https:\/\/alumni.usp.br\/wp-content\/uploads\/sites\/77\/2026\/01\/Capa_doc-P-225x300.png 225w, https:\/\/alumni.usp.br\/wp-content\/uploads\/sites\/77\/2026\/01\/Capa_doc-P-112x150.png 112w, https:\/\/alumni.usp.br\/wp-content\/uploads\/sites\/77\/2026\/01\/Capa_doc-P-400x534.png 400w, https:\/\/alumni.usp.br\/wp-content\/uploads\/sites\/77\/2026\/01\/Capa_doc-P.png 665w\" sizes=\"(max-width: 352px) 100vw, 352px\" \/>\t\t\t\t\t\t\t\t\t\t\t\t\t<\/div>\n\t\t\t\t<\/div>\n\t\t\t\t\t<\/div>\n\t\t<\/div>\n\t\t\t\t<div class=\"elementor-column elementor-col-50 elementor-top-column elementor-element elementor-element-a16d7f7\" data-id=\"a16d7f7\" data-element_type=\"column\">\n\t\t\t<div class=\"elementor-widget-wrap elementor-element-populated\">\n\t\t\t\t\t\t<div class=\"elementor-element elementor-element-8872959 elementor-widget elementor-widget-heading\" data-id=\"8872959\" data-element_type=\"widget\" data-widget_type=\"heading.default\">\n\t\t\t\t<div class=\"elementor-widget-container\">\n\t\t\t<h2 class=\"elementor-heading-title elementor-size-default\">Conhe\u00e7a as hist\u00f3rias de quem construiu o maior programa alumni do Brasil!<\/h2>\t\t<\/div>\n\t\t\t\t<\/div>\n\t\t\t\t<div class=\"elementor-element elementor-element-84444c2 elementor-widget elementor-widget-text-editor\" data-id=\"84444c2\" data-element_type=\"widget\" data-widget_type=\"text-editor.default\">\n\t\t\t\t<div class=\"elementor-widget-container\">\n\t\t\t\t\t\t\t<p>Por tr\u00e1s do Programa Alumni USP est\u00e3o pessoas, vis\u00f5es e parcerias que tornaram poss\u00edvel sua cria\u00e7\u00e3o e consolida\u00e7\u00e3o. Este espa\u00e7o re\u00fane os depoimentos de quem participou dessa trajet\u00f3ria, fortalecendo os v\u00ednculos entre a Universidade, seus egressos(as) e a sociedade.<\/p>\t\t\t\t\t\t<\/div>\n\t\t\t\t<\/div>\n\t\t\t\t<div class=\"elementor-element elementor-element-917315f elementor-widget elementor-widget-button\" data-id=\"917315f\" data-element_type=\"widget\" data-widget_type=\"button.default\">\n\t\t\t\t<div class=\"elementor-widget-container\">\n\t\t\t\t\t\t\t<div class=\"elementor-button-wrapper\">\n\t\t\t\t\t<a class=\"elementor-button elementor-button-link elementor-size-sm\" href=\"https:\/\/alumni.usp.br\/wp-content\/uploads\/sites\/77\/2026\/01\/Doc-alumni.v2.pdf\">\n\t\t\t\t\t\t<span class=\"elementor-button-content-wrapper\">\n\t\t\t\t\t\t\t\t\t<span class=\"elementor-button-text\">Baixar conte\u00fado<\/span>\n\t\t\t\t\t<\/span>\n\t\t\t\t\t<\/a>\n\t\t\t\t<\/div>\n\t\t\t\t\t\t<\/div>\n\t\t\t\t<\/div>\n\t\t\t\t\t<\/div>\n\t\t<\/div>\n\t\t\t\t\t<\/div>\n\t\t<\/section>\n\t\t\t\t<\/div>\n\t\t","protected":false},"excerpt":{"rendered":"<p>No final de 2016, foi ao ar o portal\u00a0Alumni\u00a0USP, com\u00a0o intuito de reunir os antigos alunos de Gradua\u00e7\u00e3o e de P\u00f3s-Gradua\u00e7\u00e3o (Mestrado e Doutorado) da Universidade.\u00a0Podem se cadastrar todos os antigos alunos da Universidade, mas apenas os graduados a partir de 1974 e os titulados de P\u00f3s-Gradua\u00e7\u00e3o a partir de 1986 ter\u00e3o aprova\u00e7\u00e3o autom\u00e1tica do [&hellip;]<\/p>\n","protected":false},"author":432,"featured_media":10056,"parent":0,"menu_order":0,"comment_status":"closed","ping_status":"closed","template":"","meta":{"footnotes":"","_links_to":"","_links_to_target":""},"class_list":["post-2166","page","type-page","status-publish","has-post-thumbnail","hentry"],"_links":{"self":[{"href":"https:\/\/alumni.usp.br\/en\/wp-json\/wp\/v2\/pages\/2166","targetHints":{"allow":["GET"]}}],"collection":[{"href":"https:\/\/alumni.usp.br\/en\/wp-json\/wp\/v2\/pages"}],"about":[{"href":"https:\/\/alumni.usp.br\/en\/wp-json\/wp\/v2\/types\/page"}],"author":[{"embeddable":true,"href":"https:\/\/alumni.usp.br\/en\/wp-json\/wp\/v2\/users\/432"}],"replies":[{"embeddable":true,"href":"https:\/\/alumni.usp.br\/en\/wp-json\/wp\/v2\/comments?post=2166"}],"version-history":[{"count":4,"href":"https:\/\/alumni.usp.br\/en\/wp-json\/wp\/v2\/pages\/2166\/revisions"}],"predecessor-version":[{"id":10449,"href":"https:\/\/alumni.usp.br\/en\/wp-json\/wp\/v2\/pages\/2166\/revisions\/10449"}],"wp:featuredmedia":[{"embeddable":true,"href":"https:\/\/alumni.usp.br\/en\/wp-json\/wp\/v2\/media\/10056"}],"wp:attachment":[{"href":"https:\/\/alumni.usp.br\/en\/wp-json\/wp\/v2\/media?parent=2166"}],"curies":[{"name":"wp","href":"https:\/\/api.w.org\/{rel}","templated":true}]}}